{"id":47,"date":"2013-09-18T16:06:07","date_gmt":"2013-09-18T14:06:07","guid":{"rendered":"http:\/\/khg-theater.de\/wordpress\/?page_id=47"},"modified":"2023-01-01T16:06:31","modified_gmt":"2023-01-01T14:06:31","slug":"lslsls","status":"publish","type":"page","link":"https:\/\/khg-theater.de\/?page_id=47","title":{"rendered":"seit 1986"},"content":{"rendered":"\n<figure class=\"wp-block-table is-style-stripes\"><table class=\"has-fixed-layout\"><tbody><tr><td><strong>Semester<\/strong><\/td><td class=\"has-text-align-left\" data-align=\"left\"><\/td><td><\/td><\/tr><tr><td>WS<\/td><td class=\"has-text-align-left\" data-align=\"left\">2021\/22<\/td><td><\/td><td>Geschlossene Gesellschaft<br><br>\u201eSchattengeschichten\u201c<br><\/td><td>Jean-Paul Sartre<br> <br>frei nach diversen Autoren<br><\/td><\/tr><tr><td>SS<\/td><td class=\"has-text-align-left\" data-align=\"left\">2021<\/td><td><\/td><td>&#8211;<\/td><td>&#8211;<\/td><\/tr><tr><td>WS<\/td><td class=\"has-text-align-left\" data-align=\"left\">2020\/21<\/td><td><\/td><td>&#8211;<\/td><td>&#8211;<\/td><\/tr><tr><td>SS<\/td><td class=\"has-text-align-left\" data-align=\"left\">2020<\/td><td><\/td><td>&#8211;<\/td><td>&#8211;<\/td><\/tr><tr><td>WS<\/td><td class=\"has-text-align-left\" data-align=\"left\">2019\/20<\/td><td><\/td><td>Antigone<br> &nbsp; <br>1984<br><\/td><td>Sophokles<br> &nbsp; <br>George Orwell<br><\/td><\/tr><tr><td>SS<\/td><td class=\"has-text-align-left\" data-align=\"left\">2019<\/td><td><\/td><td>Macbeth<\/td><td>William Shakespeare<\/td><\/tr><tr><td>WS<\/td><td class=\"has-text-align-left\" data-align=\"left\">2018\/19<\/td><td><\/td><td>Das Bildnis des Dorian Gray<br> &nbsp; <br>Ronja R\u00e4ubertochter<br><\/td><td>Oscar Wilde &nbsp; <br><br>Astrid Lindgren<\/td><\/tr><tr><td>SS<\/td><td class=\"has-text-align-left\" data-align=\"left\">2018<\/td><td><\/td><td>Gedankenkarussel &nbsp; <br><br>Romulus der Gro\u00dfe<\/td><td>Sophie St\u00fcrmer &nbsp; <br><br>Friedrich D\u00fcrrenmatt<\/td><\/tr><tr><td>WS<\/td><td class=\"has-text-align-left\" data-align=\"left\">2017\/18<\/td><td><\/td><td>Engel in Amerika &nbsp; <br><br>Krabat<\/td><td>Tony Kushner &nbsp; <br><br>Otfried Preu\u00dfler<\/td><\/tr><tr><td>SS<\/td><td class=\"has-text-align-left\" data-align=\"left\">2017<\/td><td><\/td><td>Glaube Liebe Hoffnung &nbsp; <br><br>Gespenster<\/td><td>\u00d6d\u00f6n von Horvath &nbsp; <br><br>Henrik Ibsen<\/td><\/tr><tr><td>WS<\/td><td class=\"has-text-align-left\" data-align=\"left\">2016\/17<\/td><td><\/td><td>Der zerbrochne Krug &nbsp; <br><br>Die Geburtstagsfeier<\/td><td>Heinricht Kleist &nbsp; <br><br>Harold Pinter<\/td><\/tr><tr><td>SS<\/td><td class=\"has-text-align-left\" data-align=\"left\">2016<\/td><td><\/td><td>Wandernutten &nbsp; <br><br>Die Spielverderber<\/td><td>Theresia Walser &nbsp; <br><br>Michael Ende<\/td><\/tr><tr><td>WS<\/td><td class=\"has-text-align-left\" data-align=\"left\">2015\/16<\/td><td><\/td><td>Der L\u00f6we im Winter &nbsp; <br><br>Die Mausefalle<\/td><td>James Goldman &nbsp; <br><br>Agatha Christie<\/td><\/tr><tr><td>SS<\/td><td class=\"has-text-align-left\" data-align=\"left\">2015<\/td><td><\/td><td>Zwischenwelten &nbsp; <br><br><br><br>Henry IV \u2013 Teil 1<\/td><td>Harold Pinter, Thornton Wilder, Woody Allen &nbsp; <br><br>William Shakespeare<\/td><\/tr><tr><td>WS<\/td><td class=\"has-text-align-left\" data-align=\"left\">2014\/15<\/td><td><\/td><td>Mein Freund Harvey &nbsp; <br>Caligula<\/td><td>Mary Chase &nbsp; <br><br>Albert Camus<\/td><\/tr><tr><td>SS<\/td><td class=\"has-text-align-left\" data-align=\"left\">2014<\/td><td><\/td><td>Die Nash\u00f6rner <br>&nbsp; <br>Der Hexenschuss<br><\/td><td>Eugene Ionesco<br> &nbsp; <br>John Graham<\/td><\/tr><tr><td>WS<\/td><td class=\"has-text-align-left\" data-align=\"left\">2013\/14<\/td><td><\/td><td>Der Besuch der alten Dame &nbsp; <br><br>Drei Mal Leben &nbsp; <br><br>Romeo und Julia<\/td><td>Friedrich D\u00fcrrenmatt &nbsp; &nbsp; <br><br>Yasmina Reza &nbsp; <br><br>William Shakespeare<\/td><\/tr><tr><td>SS<\/td><td class=\"has-text-align-left\" data-align=\"left\">2013<\/td><td><\/td><td>Dantons Tod &nbsp; <br><br>Elektra &nbsp; <br><br>Geschichten aus dem Wiener Wald<\/td><td>Georg B\u00fcchner &nbsp; <br><br>Hugo von Hofmannsthal &nbsp; <br><br>\u00d6d\u00f6n von Horv\u00e1th<\/td><\/tr><tr><td>WS<\/td><td class=\"has-text-align-left\" data-align=\"left\">2012\/13<\/td><td><\/td><td>Die Unsichtbare &nbsp; <br><br>Der Wunschpunsch<\/td><td>Christoph Ransmayr &nbsp; <br><br>Michael Ende<\/td><\/tr><tr><td>SS<\/td><td class=\"has-text-align-left\" data-align=\"left\">2012<\/td><td><\/td><td>Der Reigen &nbsp; <br><br>Rent \u2013 A Broadway Musical<\/td><td>Arthur Schnitzler &nbsp; <br><br>Jonathan Larson<\/td><\/tr><tr><td>WS<\/td><td class=\"has-text-align-left\" data-align=\"left\">2011\/12<\/td><td><\/td><td>Die Schuld der Stille &nbsp; <br><br>Das blaue blaue Meer &nbsp; <br><br>Peer Gynt &nbsp; <br><br>Kunst<\/td><td>Raol-Florian Imling &nbsp; <br><br>Nis-Momme Stockmann &nbsp; <br><br>Henrik Ibsen &nbsp; <br><br>Yasmina Reza<\/td><\/tr><tr><td>SS<\/td><td class=\"has-text-align-left\" data-align=\"left\">2011<\/td><td><\/td><td>Der Kr\u00fcppel von Inishmaan &nbsp; <br><br>Lulu &nbsp; <br><br>Das Henkersmahl<\/td><td>Martin McDonagh &nbsp; <br><br>Frank Wedekind &nbsp; <br><br>Lars Ceglecki<\/td><\/tr><tr><td>WS<\/td><td class=\"has-text-align-left\" data-align=\"left\">2010\/11<\/td><td><\/td><td>Woyzeck &nbsp; <br><br>Genannt Gospodin<\/td><td>Georg B\u00fcchner &nbsp; <br><br>Philipp L\u00f6hle<\/td><\/tr><tr><td>SS<\/td><td class=\"has-text-align-left\" data-align=\"left\">2010<\/td><td><\/td><td>Der Sandmann &nbsp; <br><br>Alle deutschen Dramen an einem Abend &nbsp; <br><br>Ein Sommernachtstraum<\/td><td>E.T.A. Hoffmann &nbsp; <br><br>Robert L\u00f6hr &nbsp; &nbsp; <br><br>William Shakespeare<\/td><\/tr><tr><td>WS<\/td><td class=\"has-text-align-left\" data-align=\"left\">2009\/10<\/td><td><\/td><td>Die Toten reiten schnell &nbsp; <br><br>Endspiel &nbsp; <br><br>Tintenherz<\/td><td>Verschiedene Autoren &nbsp; <br><br>Samuel Beckett &nbsp; <br><br>Cornelia Funke<\/td><\/tr><tr><td>SS<\/td><td class=\"has-text-align-left\" data-align=\"left\">2009<\/td><td><\/td><td>Ein Engel kommt nach Babylon &nbsp; <br><br>Funny Money &nbsp; <br><br>Hedda Gabler &nbsp; <br><br>Leonca und Lena<\/td><td>Friedrich D\u00fcrrenmatt &nbsp; &nbsp; <br><br>Ray Cooney &nbsp; <br><br>Henrik Ibsen &nbsp; <br><br>Georg B\u00fcchner<\/td><\/tr><tr><td>WS<\/td><td class=\"has-text-align-left\" data-align=\"left\">2008\/09<\/td><td><\/td><td>Das Festkomitee &nbsp; <br><br>Einer flog \u00fcber das Kuckucksnest<\/td><td>Alan Ayckbourn &nbsp; &nbsp; <br><br>Ken Kesey\/Dale Wassermann<\/td><\/tr><tr><td>SS<\/td><td class=\"has-text-align-left\" data-align=\"left\">2008<\/td><td><\/td><td>Faust I<\/td><td>Johann Wolfgang von Goethe<\/td><\/tr><tr><td>WS<\/td><td class=\"has-text-align-left\" data-align=\"left\">2007\/08<\/td><td><\/td><td>Ungehaltene Reden ungehaltener Frauen &nbsp; <br><br>Warten auf Godot<\/td><td>Christine Br\u00fcckner &nbsp; &nbsp; <br><br>Samuel Beckett<\/td><\/tr><tr><td>SS<\/td><td class=\"has-text-align-left\" data-align=\"left\">2007<\/td><td><\/td><td>Momo &nbsp; <br><br>Au\u00dfer Kontrolle<\/td><td>Michael Ende &nbsp; <br><br>Max Frisch<\/td><\/tr><tr><td>WS<\/td><td class=\"has-text-align-left\" data-align=\"left\">2006\/07<\/td><td><\/td><td>Andorra<\/td><td>Max Frisch<\/td><\/tr><tr><td>SS<\/td><td class=\"has-text-align-left\" data-align=\"left\">2006<\/td><td><\/td><td>Wyrd Sisters<\/td><td>Terry Pratchett<\/td><\/tr><tr><td>WS<\/td><td class=\"has-text-align-left\" data-align=\"left\">2005\/06<\/td><td><\/td><td>Wie w\u00e4r\u2019s denn, Mrs. Markam? &nbsp; <br><br>Schlafzimmerg\u00e4ste<\/td><td>Ray Cooney &nbsp; &nbsp; <br><br>Alan Ayckbourn<\/td><\/tr><tr><td>SS<\/td><td class=\"has-text-align-left\" data-align=\"left\">2005<\/td><td><\/td><td>Macbeth &nbsp; <br><br>Hirsche und Hennen &nbsp; <br><br>Verf\u00fchrbarkeit auf beiden Seiten<\/td><td>William Shakespeare &nbsp; <br><br>Willy Russel &nbsp; <br><br>Pierre Marivaux<\/td><\/tr><tr><td>WS<\/td><td class=\"has-text-align-left\" data-align=\"left\">2004\/05<\/td><td><\/td><td>Roisencrantz and Guidenstern are dead &nbsp; <br><br>Die Panne<\/td><td>Tom Stoppard &nbsp; &nbsp; <br><br>Friedrich D\u00fcrrenmatt<\/td><\/tr><tr><td>SS<\/td><td class=\"has-text-align-left\" data-align=\"left\">2004<\/td><td><\/td><td>Acht Frauen &nbsp; <br><br>Ein ungleiches Paar<\/td><td>Robert Thomas &nbsp; <br><br>Neil Simon<\/td><\/tr><tr><td>WS<\/td><td class=\"has-text-align-left\" data-align=\"left\">2003\/04<\/td><td><\/td><td>Das Dschungelbuch &nbsp; <br><br>Und dann gab\u2019s keines mehr\u2026 &nbsp; <br><br>Die Katze auf dem hei\u00dfen Blechdach<\/td><td>Markus Weber &nbsp; <br><br>Agatha Christie &nbsp; &nbsp; <br><br>Tennessee Williams<\/td><\/tr><tr><td>SS<\/td><td class=\"has-text-align-left\" data-align=\"left\">2003<\/td><td><\/td><td>Die kahle S\u00e4ngerin &nbsp; <br><br>Push Up 1 \u2013 3<\/td><td>Eug\u00e8ne Ionesco &nbsp; <br><br>Roland Schimmelpfennig<\/td><\/tr><tr><td>WS<\/td><td class=\"has-text-align-left\" data-align=\"left\">2002\/03<\/td><td><\/td><td>Bunbury \u2013 Ernst sein ist alles! &nbsp; <br><br>Dunkelkammer<\/td><td>Oscar Wilde &nbsp; &nbsp; <br><br>Gerriet Harms<\/td><\/tr><tr><td>SS<\/td><td class=\"has-text-align-left\" data-align=\"left\">2002<\/td><td><\/td><td>Cash &nbsp; <br><br>Antigone<\/td><td>Michael Cooney &nbsp; <br><br>Jean Anouilh<\/td><\/tr><tr><td>WS<\/td><td class=\"has-text-align-left\" data-align=\"left\">2001\/02<\/td><td><\/td><td>Borderliner &nbsp; <br><br>Disco<\/td><td>Robert Wagner &nbsp; <br><br>Martin Heckemanns<\/td><\/tr><tr><td>SS<\/td><td class=\"has-text-align-left\" data-align=\"left\">2001<\/td><td><\/td><td>Das Sofa &nbsp; <br><br>Romeo, verspiegelt &nbsp; <br><br>Schie\u00dfwut<\/td><td>Martin Walser &nbsp; <br><br>Robert Wagner &nbsp; <br><br>Keith Reddin<\/td><\/tr><tr><td>WS<\/td><td class=\"has-text-align-left\" data-align=\"left\">2000\/01<\/td><td><\/td><td>Fr\u00fchlingserwachen &nbsp; <br><br>Der nackte Wahnsinn &nbsp; <br><br>Tote ohne Begr\u00e4bnis<\/td><td>Frank Wedekind &nbsp; <br><br>Michael Frayn &nbsp; <br><br>Jean-Paul Sartre<\/td><\/tr><tr><td>SS<\/td><td class=\"has-text-align-left\" data-align=\"left\">2000<\/td><td><\/td><td>Die 12 Geschworenen &nbsp; <br><br>Biographie \u2013 Ein Spiel<\/td><td>Reginald Rose &nbsp; <br><br>Max Frisch<\/td><\/tr><tr><td>WS<\/td><td class=\"has-text-align-left\" data-align=\"left\">1999\/00<\/td><td><\/td><td>Des Winters M\u00e4rchen &nbsp; <br><br>Die Bewerbung &nbsp; <br><br>Equus &nbsp; <br><br>Eifersuchtsliebe<\/td><td>William Shakespeare &nbsp; <br><br>Thomas A. Keck &nbsp; <br><br>Peter Shaffer &nbsp; <br><br>Marc Camoleth<\/td><\/tr><tr><td>SS<\/td><td class=\"has-text-align-left\" data-align=\"left\">1999<\/td><td><\/td><td>&#8211;<\/td><td>&#8211;<\/td><\/tr><tr><td>WS<\/td><td class=\"has-text-align-left\" data-align=\"left\">1998\/99<\/td><td><\/td><td>&#8211;<\/td><td>&#8211;<\/td><\/tr><tr><td>SS<\/td><td class=\"has-text-align-left\" data-align=\"left\">1998<\/td><td><\/td><td>Der Mann von La Mancha &nbsp; <br><br>Lysistrata &nbsp; <br><br>Der Meteor &nbsp; <br><br>Mein Freund Harvey<\/td><td>Dale Wassermann &nbsp; <br><br>Aristophanes &nbsp; <br><br>Friedrich D\u00fcrrenmatt &nbsp; <br><br>Mary Chase<\/td><\/tr><tr><td>WS<\/td><td class=\"has-text-align-left\" data-align=\"left\">1997\/98<\/td><td><\/td><td>Die Geisterkom\u00f6die &nbsp; <br><br>Was Ihr Wollt &nbsp; <br><br>Hexenjagd<\/td><td>Noel Coward &nbsp; <br><br>William Shakespeare &nbsp; <br><br>Arthur Miller<\/td><\/tr><tr><td>SS<\/td><td class=\"has-text-align-left\" data-align=\"left\">1997<\/td><td><\/td><td>&#8211;<\/td><td>&#8211;<\/td><\/tr><tr><td>WS<\/td><td class=\"has-text-align-left\" data-align=\"left\">1996\/97<\/td><td><\/td><td>Wer hat Angst vor Virgina Wolf<\/td><td>&nbsp;<\/td><\/tr><tr><td>SS<\/td><td class=\"has-text-align-left\" data-align=\"left\">1996<\/td><td><\/td><td>Endstation Sehnsucht<\/td><td>Tennesse Williams<\/td><\/tr><tr><td>WS<\/td><td class=\"has-text-align-left\" data-align=\"left\">1995\/96<\/td><td><\/td><td>Die Verfolgung und Ermordung Jean Paul Marats dargestellt durch die Schauspielgruppe des Hospizes zu Charenton unter Anleitung des Herrn de Sade &nbsp; <br><br>Die Dreigroschenoper &nbsp; <br><br>Der Reigen<\/td><td>Peter Weiss &nbsp; &nbsp; &nbsp; &nbsp; &nbsp; &nbsp; &nbsp; <br><br><br><br>Berthold Brecht\/Kurt Weil &nbsp; <br><br><br><br>Arthur Schnitzler<\/td><\/tr><tr><td>SS<\/td><td class=\"has-text-align-left\" data-align=\"left\">1995<\/td><td><\/td><td>Bunbury &nbsp; <br><br>Die kluge N\u00e4rrin<\/td><td>Oscar Wilde &nbsp; <br><br>Lope de Vega<\/td><\/tr><tr><td>WS<\/td><td class=\"has-text-align-left\" data-align=\"left\">1994\/95<\/td><td><\/td><td>Die kahle S\u00e4ngerin &nbsp; <br><br>Der amerikanische Tod<\/td><td>Eug\u00e8ne Ionesco &nbsp; <br><br>Florian Hoffmann\/Axel Sp\u00f6rl<\/td><\/tr><tr><td>SS<\/td><td class=\"has-text-align-left\" data-align=\"left\">1994<\/td><td><\/td><td>Turandot<\/td><td>Friedrich Schiller<\/td><\/tr><tr><td>WS<\/td><td class=\"has-text-align-left\" data-align=\"left\">1993\/94<\/td><td><\/td><td>&#8211;<\/td><td>&#8211;<\/td><\/tr><tr><td>SS<\/td><td class=\"has-text-align-left\" data-align=\"left\">1993<\/td><td><\/td><td>Der L\u00fcgner &nbsp; <br><br><br>Ausbruch des Weltfriedens &nbsp; <br><br>Auf hoher See<\/td><td>Goldoni &nbsp; <br><br><br>Kurt G\u00f6tz &nbsp; <br><br>Slavomir Mroczek<\/td><\/tr><tr><td>WS<\/td><td class=\"has-text-align-left\" data-align=\"left\">1992\/93<\/td><td><\/td><td>Ende der Vorstellung &nbsp; <br><br>Der Kirschgarten &nbsp;<br> <br>Penthesilea &nbsp; <br><br>Faust 1 + 2<\/td><td><br><br>Hahn\/Sturm\/Grimm <br>&nbsp; <br><br><br>Anton Tschechov &nbsp;<br> <br>Heinrich von Kleist &nbsp;<br> <br>Johann Wolfgang von Goethe<\/td><\/tr><tr><td>SS<\/td><td class=\"has-text-align-left\" data-align=\"left\">1992<\/td><td><\/td><td>Arsen und Spitzenh\u00e4ubchen &nbsp; <br><br>Woyzeck &nbsp; <br><br>Scherz, Satire, Ironie und tiefere Bedeutung<\/td><td>Joseph Kesselring &nbsp; &nbsp; <br><br>Georg B\u00fcchner &nbsp; <br><br>Christian Dietrich Grabbe<\/td><\/tr><tr><td>WS<\/td><td class=\"has-text-align-left\" data-align=\"left\">1991\/92<\/td><td><\/td><td>Don Tristano et Donna Isotta &nbsp; <br><br>Was ihr wollt &nbsp; <br><br>Cyrano de Bergerac<\/td><td>Herbert Rosendorfer &nbsp; &nbsp; <br><br>William Shakespeare &nbsp; <br>Edmund Rostand<\/td><\/tr><tr><td>SS<\/td><td class=\"has-text-align-left\" data-align=\"left\">1991<\/td><td><\/td><td>Das Faustspiel<\/td><td>Matthias Hahn<\/td><\/tr><tr><td>WS<\/td><td class=\"has-text-align-left\" data-align=\"left\">1990\/91<\/td><td><\/td><td>Hexenjagd<\/td><td>Arthur Miller<\/td><\/tr><tr><td>SS<\/td><td class=\"has-text-align-left\" data-align=\"left\">1990<\/td><td><\/td><td>Die Gerechten<\/td><td>Albert Camus<\/td><\/tr><tr><td>WS<\/td><td class=\"has-text-align-left\" data-align=\"left\">1989\/90<\/td><td><\/td><td>Die Liebe der 4 Obersten<\/td><td>Peter Ustinov<\/td><\/tr><tr><td>SS<\/td><td class=\"has-text-align-left\" data-align=\"left\">1989<\/td><td><\/td><td>Bankopur<\/td><td>Hahn\/Sturm<\/td><\/tr><tr><td>WS<\/td><td class=\"has-text-align-left\" data-align=\"left\">1988\/89<\/td><td><\/td><td>Ein Sommernachtstraum(a) Tod, Theater und Humor<\/td><td>Shakespeare\/Hahn\/Sturm\/Mayer<\/td><\/tr><tr><td>SS<\/td><td class=\"has-text-align-left\" data-align=\"left\">1988<\/td><td><\/td><td>Tango<\/td><td>Slavomir Mroczek<\/td><\/tr><tr><td>WS<\/td><td class=\"has-text-align-left\" data-align=\"left\">1987\/88<\/td><td><\/td><td>Nekrassow<\/td><td>Jean-Paul Sartre<\/td><\/tr><tr><td>SS<\/td><td class=\"has-text-align-left\" data-align=\"left\">1987<\/td><td><\/td><td>Die Tage der Kommune<\/td><td>Berthold Brecht<\/td><\/tr><tr><td>WS<\/td><td class=\"has-text-align-left\" data-align=\"left\">1986\/87<\/td><td><\/td><td>Helden<\/td><td>G.B. Shaw<\/td><\/tr><tr><td>SS<\/td><td class=\"has-text-align-left\" data-align=\"left\">1986<\/td><td><\/td><td>6 Personen suchen einen Autor &nbsp;<br><br>Kein Krieg in Troja<\/td><td>Pirandello &nbsp; &nbsp; <br><br><br>Giraudoux<\/td><\/tr><\/tbody><\/table><\/figure>\n","protected":false},"excerpt":{"rendered":"<p>Semester WS 2021\/22 Geschlossene Gesellschaft \u201eSchattengeschichten\u201c Jean-Paul Sartre frei nach diversen Autoren SS 2021 &#8211; &#8211; WS 2020\/21 &#8211; &#8211; SS 2020 &#8211; &#8211; WS 2019\/20 Antigone &nbsp; 1984 Sophokles &nbsp; George Orwell SS 2019 Macbeth William Shakespeare WS 2018\/19&#8230;<\/p>\n","protected":false},"author":1,"featured_media":0,"parent":0,"menu_order":0,"comment_status":"closed","ping_status":"open","template":"","meta":{"footnotes":""},"class_list":["post-47","page","type-page","status-publish","hentry"],"_links":{"self":[{"href":"https:\/\/khg-theater.de\/index.php?rest_route=\/wp\/v2\/pages\/47","targetHints":{"allow":["GET"]}}],"collection":[{"href":"https:\/\/khg-theater.de\/index.php?rest_route=\/wp\/v2\/pages"}],"about":[{"href":"https:\/\/khg-theater.de\/index.php?rest_route=\/wp\/v2\/types\/page"}],"author":[{"embeddable":true,"href":"https:\/\/khg-theater.de\/index.php?rest_route=\/wp\/v2\/users\/1"}],"replies":[{"embeddable":true,"href":"https:\/\/khg-theater.de\/index.php?rest_route=%2Fwp%2Fv2%2Fcomments&post=47"}],"version-history":[{"count":42,"href":"https:\/\/khg-theater.de\/index.php?rest_route=\/wp\/v2\/pages\/47\/revisions"}],"predecessor-version":[{"id":1784,"href":"https:\/\/khg-theater.de\/index.php?rest_route=\/wp\/v2\/pages\/47\/revisions\/1784"}],"wp:attachment":[{"href":"https:\/\/khg-theater.de\/index.php?rest_route=%2Fwp%2Fv2%2Fmedia&parent=47"}],"curies":[{"name":"wp","href":"https:\/\/api.w.org\/{rel}","templated":true}]}}