{"id":1789,"date":"2026-03-14T18:56:20","date_gmt":"2026-03-14T16:56:20","guid":{"rendered":"https:\/\/khg-theater.de\/?page_id=1789"},"modified":"2026-03-14T18:56:20","modified_gmt":"2026-03-14T16:56:20","slug":"2026-gaslicht","status":"publish","type":"page","link":"https:\/\/khg-theater.de\/?page_id=1789","title":{"rendered":"2026 | Gaslicht"},"content":{"rendered":"\n<figure class=\"wp-block-image size-large\"><a href=\"https:\/\/khg-theater.de\/wp-content\/uploads\/2025\/11\/Unbenannt.png\"><img loading=\"lazy\" decoding=\"async\" width=\"1024\" height=\"440\" src=\"https:\/\/khg-theater.de\/wp-content\/uploads\/2025\/11\/Unbenannt-1024x440.png\" alt=\"Gaslicht - Patrick Hamilton. 13.,14.,15.,20.,21. Februar 2026\" class=\"wp-image-1725\" srcset=\"https:\/\/khg-theater.de\/wp-content\/uploads\/2025\/11\/Unbenannt-1024x440.png 1024w, https:\/\/khg-theater.de\/wp-content\/uploads\/2025\/11\/Unbenannt-300x129.png 300w, https:\/\/khg-theater.de\/wp-content\/uploads\/2025\/11\/Unbenannt-768x330.png 768w, https:\/\/khg-theater.de\/wp-content\/uploads\/2025\/11\/Unbenannt-1536x659.png 1536w, https:\/\/khg-theater.de\/wp-content\/uploads\/2025\/11\/Unbenannt.png 1980w\" sizes=\"auto, (max-width: 1024px) 100vw, 1024px\" \/><\/a><\/figure>\n\n\n\n<p class=\"has-text-align-center\">Die jungen Eheleute Jack und Bella Manningham leben seit kurzer Zeit in einem alten Haus in London. Doch je l\u00e4nger sie dort leben, scheint Bella zunehmend verwirrter, tut vermeintlich Dinge, an die sie sich sp\u00e4ter nicht mehr erinnern kann, sieht Dinge, die gar nicht da sein k\u00f6nnen. Sie wird langsam verr\u00fcckt \u2013 das behauptet zumindest ihr Mann. <\/p>\n\n\n\n<p class=\"has-text-align-center\">&#8222;Gaslicht&#8220; (im Original &#8222;Gaslight&#8220;) von Patrick Hamilton ist ein psychologisches Drama, auf dem der heute gel\u00e4ufige Begriff &#8222;Gaslighting&#8220; beruht; eine Form der Manipulation, die in vielen romantischen und platonischen Beziehungen stattfindet und h\u00e4ufig unentdeckt bleibt.<\/p>\n\n\n\n<p><\/p>\n\n\n\n<p class=\"has-text-align-center\">13., 14., 15., 20., 21. Februar 2026<\/p>\n\n\n\n<p class=\"has-text-align-center\">Einlass ab 19:30h<\/p>\n\n\n\n<p class=\"has-text-align-center\">Beginn 20:00h <\/p>\n\n\n\n<p class=\"has-text-align-center\">Hofstallstr. 4<\/p>\n\n\n\n<p class=\"has-text-align-center\">97070 W\u00fcrzburg <\/p>\n\n\n\n<p class=\"has-text-align-center\"><strong>Der Eintritt ist frei!<\/strong><\/p>\n\n\n\n<p class=\"has-text-align-center has-small-font-size\">Inhaltswarnung: psychische Gewalt, psychische Krankheiten <\/p>\n\n\n\n<p class=\"has-text-align-center\">Spieldauer: ca. 110min inkl. Pause<\/p>\n\n\n\n<p class=\"has-text-align-center\"><strong>Es spielen: <\/strong><\/p>\n\n\n\n<p class=\"has-text-align-center\">Maike S\u00fcdhaus, Joram Schweizerhof, Konstantin Obergfell, Maria Krasnoselska und Vanessa Stra\u00dfer<\/p>\n\n\n\n<p class=\"has-text-align-center\"><strong>Regie: <\/strong><\/p>\n\n\n\n<p class=\"has-text-align-center\">Julia Remy und Catharina Hamann<\/p>\n\n\n\n<hr class=\"wp-block-separator has-text-color has-white-color has-css-opacity has-white-background-color has-background\"\/>\n\n\n\n<figure class=\"wp-block-gallery has-nested-images columns-default is-cropped wp-block-gallery-1 is-layout-flex wp-block-gallery-is-layout-flex\">\n<figure class=\"wp-block-image size-large\"><a href=\"https:\/\/khg-theater.de\/wp-content\/uploads\/2026\/02\/Gaslicht-35.jpg\"><img loading=\"lazy\" decoding=\"async\" width=\"1024\" height=\"683\" data-id=\"1767\" src=\"https:\/\/khg-theater.de\/wp-content\/uploads\/2026\/02\/Gaslicht-35-1024x683.jpg\" alt=\"\" class=\"wp-image-1767\" srcset=\"https:\/\/khg-theater.de\/wp-content\/uploads\/2026\/02\/Gaslicht-35-1024x683.jpg 1024w, https:\/\/khg-theater.de\/wp-content\/uploads\/2026\/02\/Gaslicht-35-300x200.jpg 300w, https:\/\/khg-theater.de\/wp-content\/uploads\/2026\/02\/Gaslicht-35-768x512.jpg 768w, https:\/\/khg-theater.de\/wp-content\/uploads\/2026\/02\/Gaslicht-35-1536x1024.jpg 1536w, https:\/\/khg-theater.de\/wp-content\/uploads\/2026\/02\/Gaslicht-35.jpg 2048w\" sizes=\"auto, (max-width: 1024px) 100vw, 1024px\" \/><\/a><\/figure>\n\n\n\n<figure class=\"wp-block-image size-large\"><a href=\"https:\/\/khg-theater.de\/wp-content\/uploads\/2026\/02\/Gaslicht-04.jpg\"><img loading=\"lazy\" decoding=\"async\" width=\"1024\" height=\"683\" data-id=\"1768\" src=\"https:\/\/khg-theater.de\/wp-content\/uploads\/2026\/02\/Gaslicht-04-1024x683.jpg\" alt=\"\" class=\"wp-image-1768\" srcset=\"https:\/\/khg-theater.de\/wp-content\/uploads\/2026\/02\/Gaslicht-04-1024x683.jpg 1024w, https:\/\/khg-theater.de\/wp-content\/uploads\/2026\/02\/Gaslicht-04-300x200.jpg 300w, https:\/\/khg-theater.de\/wp-content\/uploads\/2026\/02\/Gaslicht-04-768x512.jpg 768w, https:\/\/khg-theater.de\/wp-content\/uploads\/2026\/02\/Gaslicht-04-1536x1024.jpg 1536w, https:\/\/khg-theater.de\/wp-content\/uploads\/2026\/02\/Gaslicht-04.jpg 2048w\" sizes=\"auto, (max-width: 1024px) 100vw, 1024px\" \/><\/a><\/figure>\n\n\n\n<figure class=\"wp-block-image size-large\"><a href=\"https:\/\/khg-theater.de\/wp-content\/uploads\/2026\/02\/Gaslicht-07.jpg\"><img loading=\"lazy\" decoding=\"async\" width=\"1024\" height=\"683\" data-id=\"1769\" src=\"https:\/\/khg-theater.de\/wp-content\/uploads\/2026\/02\/Gaslicht-07-1024x683.jpg\" alt=\"\" class=\"wp-image-1769\" srcset=\"https:\/\/khg-theater.de\/wp-content\/uploads\/2026\/02\/Gaslicht-07-1024x683.jpg 1024w, https:\/\/khg-theater.de\/wp-content\/uploads\/2026\/02\/Gaslicht-07-300x200.jpg 300w, https:\/\/khg-theater.de\/wp-content\/uploads\/2026\/02\/Gaslicht-07-768x512.jpg 768w, https:\/\/khg-theater.de\/wp-content\/uploads\/2026\/02\/Gaslicht-07-1536x1024.jpg 1536w, https:\/\/khg-theater.de\/wp-content\/uploads\/2026\/02\/Gaslicht-07.jpg 2048w\" sizes=\"auto, (max-width: 1024px) 100vw, 1024px\" \/><\/a><\/figure>\n\n\n\n<figure class=\"wp-block-image size-large\"><a href=\"https:\/\/khg-theater.de\/wp-content\/uploads\/2026\/02\/Gaslicht-37.jpg\"><img loading=\"lazy\" decoding=\"async\" width=\"683\" height=\"1024\" data-id=\"1770\" src=\"https:\/\/khg-theater.de\/wp-content\/uploads\/2026\/02\/Gaslicht-37-683x1024.jpg\" alt=\"\" class=\"wp-image-1770\" srcset=\"https:\/\/khg-theater.de\/wp-content\/uploads\/2026\/02\/Gaslicht-37-683x1024.jpg 683w, https:\/\/khg-theater.de\/wp-content\/uploads\/2026\/02\/Gaslicht-37-200x300.jpg 200w, https:\/\/khg-theater.de\/wp-content\/uploads\/2026\/02\/Gaslicht-37-768x1152.jpg 768w, https:\/\/khg-theater.de\/wp-content\/uploads\/2026\/02\/Gaslicht-37-1024x1536.jpg 1024w, https:\/\/khg-theater.de\/wp-content\/uploads\/2026\/02\/Gaslicht-37.jpg 1365w\" sizes=\"auto, (max-width: 683px) 100vw, 683px\" \/><\/a><\/figure>\n\n\n\n<figure class=\"wp-block-image size-large\"><a href=\"https:\/\/khg-theater.de\/wp-content\/uploads\/2026\/02\/Gaslicht-55.jpg\"><img loading=\"lazy\" decoding=\"async\" width=\"683\" height=\"1024\" data-id=\"1771\" src=\"https:\/\/khg-theater.de\/wp-content\/uploads\/2026\/02\/Gaslicht-55-683x1024.jpg\" alt=\"\" class=\"wp-image-1771\" srcset=\"https:\/\/khg-theater.de\/wp-content\/uploads\/2026\/02\/Gaslicht-55-683x1024.jpg 683w, https:\/\/khg-theater.de\/wp-content\/uploads\/2026\/02\/Gaslicht-55-200x300.jpg 200w, https:\/\/khg-theater.de\/wp-content\/uploads\/2026\/02\/Gaslicht-55-768x1152.jpg 768w, https:\/\/khg-theater.de\/wp-content\/uploads\/2026\/02\/Gaslicht-55-1024x1536.jpg 1024w, https:\/\/khg-theater.de\/wp-content\/uploads\/2026\/02\/Gaslicht-55.jpg 1365w\" sizes=\"auto, (max-width: 683px) 100vw, 683px\" \/><\/a><\/figure>\n\n\n\n<figure class=\"wp-block-image size-large\"><a href=\"https:\/\/khg-theater.de\/wp-content\/uploads\/2026\/02\/Gaslicht-53.jpg\"><img loading=\"lazy\" decoding=\"async\" width=\"1024\" height=\"683\" data-id=\"1772\" src=\"https:\/\/khg-theater.de\/wp-content\/uploads\/2026\/02\/Gaslicht-53-1024x683.jpg\" alt=\"\" class=\"wp-image-1772\" srcset=\"https:\/\/khg-theater.de\/wp-content\/uploads\/2026\/02\/Gaslicht-53-1024x683.jpg 1024w, https:\/\/khg-theater.de\/wp-content\/uploads\/2026\/02\/Gaslicht-53-300x200.jpg 300w, https:\/\/khg-theater.de\/wp-content\/uploads\/2026\/02\/Gaslicht-53-768x512.jpg 768w, https:\/\/khg-theater.de\/wp-content\/uploads\/2026\/02\/Gaslicht-53-1536x1024.jpg 1536w, https:\/\/khg-theater.de\/wp-content\/uploads\/2026\/02\/Gaslicht-53.jpg 2048w\" sizes=\"auto, (max-width: 1024px) 100vw, 1024px\" \/><\/a><\/figure>\n\n\n\n<figure class=\"wp-block-image size-large\"><a href=\"https:\/\/khg-theater.de\/wp-content\/uploads\/2026\/02\/Gaslicht-51.jpg\"><img loading=\"lazy\" decoding=\"async\" width=\"1024\" height=\"683\" data-id=\"1773\" src=\"https:\/\/khg-theater.de\/wp-content\/uploads\/2026\/02\/Gaslicht-51-1024x683.jpg\" alt=\"\" class=\"wp-image-1773\" srcset=\"https:\/\/khg-theater.de\/wp-content\/uploads\/2026\/02\/Gaslicht-51-1024x683.jpg 1024w, https:\/\/khg-theater.de\/wp-content\/uploads\/2026\/02\/Gaslicht-51-300x200.jpg 300w, https:\/\/khg-theater.de\/wp-content\/uploads\/2026\/02\/Gaslicht-51-768x512.jpg 768w, https:\/\/khg-theater.de\/wp-content\/uploads\/2026\/02\/Gaslicht-51-1536x1024.jpg 1536w, https:\/\/khg-theater.de\/wp-content\/uploads\/2026\/02\/Gaslicht-51.jpg 2048w\" sizes=\"auto, (max-width: 1024px) 100vw, 1024px\" \/><\/a><\/figure>\n\n\n\n<figure class=\"wp-block-image size-large\"><a href=\"https:\/\/khg-theater.de\/wp-content\/uploads\/2026\/02\/Gaslicht-43.jpg\"><img loading=\"lazy\" decoding=\"async\" width=\"1024\" height=\"683\" data-id=\"1774\" src=\"https:\/\/khg-theater.de\/wp-content\/uploads\/2026\/02\/Gaslicht-43-1024x683.jpg\" alt=\"\" class=\"wp-image-1774\" srcset=\"https:\/\/khg-theater.de\/wp-content\/uploads\/2026\/02\/Gaslicht-43-1024x683.jpg 1024w, https:\/\/khg-theater.de\/wp-content\/uploads\/2026\/02\/Gaslicht-43-300x200.jpg 300w, https:\/\/khg-theater.de\/wp-content\/uploads\/2026\/02\/Gaslicht-43-768x512.jpg 768w, https:\/\/khg-theater.de\/wp-content\/uploads\/2026\/02\/Gaslicht-43-1536x1024.jpg 1536w, https:\/\/khg-theater.de\/wp-content\/uploads\/2026\/02\/Gaslicht-43.jpg 2048w\" sizes=\"auto, (max-width: 1024px) 100vw, 1024px\" \/><\/a><\/figure>\n\n\n\n<figure class=\"wp-block-image size-large\"><a href=\"https:\/\/khg-theater.de\/wp-content\/uploads\/2026\/02\/Gaslicht-34.jpg\"><img loading=\"lazy\" decoding=\"async\" width=\"1024\" height=\"683\" data-id=\"1775\" src=\"https:\/\/khg-theater.de\/wp-content\/uploads\/2026\/02\/Gaslicht-34-1024x683.jpg\" alt=\"\" class=\"wp-image-1775\" srcset=\"https:\/\/khg-theater.de\/wp-content\/uploads\/2026\/02\/Gaslicht-34-1024x683.jpg 1024w, https:\/\/khg-theater.de\/wp-content\/uploads\/2026\/02\/Gaslicht-34-300x200.jpg 300w, https:\/\/khg-theater.de\/wp-content\/uploads\/2026\/02\/Gaslicht-34-768x512.jpg 768w, https:\/\/khg-theater.de\/wp-content\/uploads\/2026\/02\/Gaslicht-34-1536x1024.jpg 1536w, https:\/\/khg-theater.de\/wp-content\/uploads\/2026\/02\/Gaslicht-34.jpg 2048w\" sizes=\"auto, (max-width: 1024px) 100vw, 1024px\" \/><\/a><\/figure>\n\n\n\n<figure class=\"wp-block-image size-large\"><a href=\"https:\/\/khg-theater.de\/wp-content\/uploads\/2026\/02\/Gaslicht-31.jpg\"><img loading=\"lazy\" decoding=\"async\" width=\"1024\" height=\"683\" data-id=\"1776\" src=\"https:\/\/khg-theater.de\/wp-content\/uploads\/2026\/02\/Gaslicht-31-1024x683.jpg\" alt=\"\" class=\"wp-image-1776\" srcset=\"https:\/\/khg-theater.de\/wp-content\/uploads\/2026\/02\/Gaslicht-31-1024x683.jpg 1024w, https:\/\/khg-theater.de\/wp-content\/uploads\/2026\/02\/Gaslicht-31-300x200.jpg 300w, https:\/\/khg-theater.de\/wp-content\/uploads\/2026\/02\/Gaslicht-31-768x512.jpg 768w, https:\/\/khg-theater.de\/wp-content\/uploads\/2026\/02\/Gaslicht-31-1536x1024.jpg 1536w, https:\/\/khg-theater.de\/wp-content\/uploads\/2026\/02\/Gaslicht-31.jpg 2048w\" sizes=\"auto, (max-width: 1024px) 100vw, 1024px\" \/><\/a><\/figure>\n\n\n\n<figure class=\"wp-block-image size-large\"><a href=\"https:\/\/khg-theater.de\/wp-content\/uploads\/2026\/02\/Gaslicht-28.jpg\"><img loading=\"lazy\" decoding=\"async\" width=\"683\" height=\"1024\" data-id=\"1777\" src=\"https:\/\/khg-theater.de\/wp-content\/uploads\/2026\/02\/Gaslicht-28-683x1024.jpg\" alt=\"\" class=\"wp-image-1777\" srcset=\"https:\/\/khg-theater.de\/wp-content\/uploads\/2026\/02\/Gaslicht-28-683x1024.jpg 683w, https:\/\/khg-theater.de\/wp-content\/uploads\/2026\/02\/Gaslicht-28-200x300.jpg 200w, https:\/\/khg-theater.de\/wp-content\/uploads\/2026\/02\/Gaslicht-28-768x1152.jpg 768w, https:\/\/khg-theater.de\/wp-content\/uploads\/2026\/02\/Gaslicht-28-1024x1536.jpg 1024w, https:\/\/khg-theater.de\/wp-content\/uploads\/2026\/02\/Gaslicht-28.jpg 1365w\" sizes=\"auto, (max-width: 683px) 100vw, 683px\" \/><\/a><\/figure>\n\n\n\n<figure class=\"wp-block-image size-large\"><a href=\"https:\/\/khg-theater.de\/wp-content\/uploads\/2026\/02\/Gaslicht-22.jpg\"><img loading=\"lazy\" decoding=\"async\" width=\"1024\" height=\"683\" data-id=\"1778\" src=\"https:\/\/khg-theater.de\/wp-content\/uploads\/2026\/02\/Gaslicht-22-1024x683.jpg\" alt=\"\" class=\"wp-image-1778\" srcset=\"https:\/\/khg-theater.de\/wp-content\/uploads\/2026\/02\/Gaslicht-22-1024x683.jpg 1024w, https:\/\/khg-theater.de\/wp-content\/uploads\/2026\/02\/Gaslicht-22-300x200.jpg 300w, https:\/\/khg-theater.de\/wp-content\/uploads\/2026\/02\/Gaslicht-22-768x512.jpg 768w, https:\/\/khg-theater.de\/wp-content\/uploads\/2026\/02\/Gaslicht-22-1536x1024.jpg 1536w, https:\/\/khg-theater.de\/wp-content\/uploads\/2026\/02\/Gaslicht-22.jpg 2048w\" sizes=\"auto, (max-width: 1024px) 100vw, 1024px\" \/><\/a><\/figure>\n\n\n\n<figure class=\"wp-block-image size-large\"><a href=\"https:\/\/khg-theater.de\/wp-content\/uploads\/2026\/02\/Gaslicht-13.jpg\"><img loading=\"lazy\" decoding=\"async\" width=\"1024\" height=\"683\" data-id=\"1779\" src=\"https:\/\/khg-theater.de\/wp-content\/uploads\/2026\/02\/Gaslicht-13-1024x683.jpg\" alt=\"\" class=\"wp-image-1779\" srcset=\"https:\/\/khg-theater.de\/wp-content\/uploads\/2026\/02\/Gaslicht-13-1024x683.jpg 1024w, https:\/\/khg-theater.de\/wp-content\/uploads\/2026\/02\/Gaslicht-13-300x200.jpg 300w, https:\/\/khg-theater.de\/wp-content\/uploads\/2026\/02\/Gaslicht-13-768x512.jpg 768w, https:\/\/khg-theater.de\/wp-content\/uploads\/2026\/02\/Gaslicht-13-1536x1024.jpg 1536w, https:\/\/khg-theater.de\/wp-content\/uploads\/2026\/02\/Gaslicht-13.jpg 2048w\" sizes=\"auto, (max-width: 1024px) 100vw, 1024px\" \/><\/a><\/figure>\n\n\n\n<figure class=\"wp-block-image size-large\"><a href=\"https:\/\/khg-theater.de\/wp-content\/uploads\/2026\/02\/Gaslicht-05.jpg\"><img loading=\"lazy\" decoding=\"async\" width=\"1024\" height=\"683\" data-id=\"1780\" src=\"https:\/\/khg-theater.de\/wp-content\/uploads\/2026\/02\/Gaslicht-05-1024x683.jpg\" alt=\"\" class=\"wp-image-1780\" srcset=\"https:\/\/khg-theater.de\/wp-content\/uploads\/2026\/02\/Gaslicht-05-1024x683.jpg 1024w, https:\/\/khg-theater.de\/wp-content\/uploads\/2026\/02\/Gaslicht-05-300x200.jpg 300w, https:\/\/khg-theater.de\/wp-content\/uploads\/2026\/02\/Gaslicht-05-768x512.jpg 768w, https:\/\/khg-theater.de\/wp-content\/uploads\/2026\/02\/Gaslicht-05-1536x1024.jpg 1536w, https:\/\/khg-theater.de\/wp-content\/uploads\/2026\/02\/Gaslicht-05.jpg 2048w\" sizes=\"auto, (max-width: 1024px) 100vw, 1024px\" \/><\/a><\/figure>\n<\/figure>\n\n\n\n<hr class=\"wp-block-separator has-text-color has-white-color has-css-opacity has-white-background-color has-background\"\/>\n","protected":false},"excerpt":{"rendered":"<p>Die jungen Eheleute Jack und Bella Manningham leben seit kurzer Zeit in einem alten Haus in London. Doch je l\u00e4nger sie dort leben, scheint Bella zunehmend verwirrter, tut vermeintlich Dinge, an die sie sich sp\u00e4ter nicht mehr erinnern kann, sieht&#8230;<\/p>\n","protected":false},"author":1,"featured_media":0,"parent":0,"menu_order":0,"comment_status":"closed","ping_status":"closed","template":"","meta":{"footnotes":""},"class_list":["post-1789","page","type-page","status-publish","hentry"],"_links":{"self":[{"href":"https:\/\/khg-theater.de\/index.php?rest_route=\/wp\/v2\/pages\/1789","targetHints":{"allow":["GET"]}}],"collection":[{"href":"https:\/\/khg-theater.de\/index.php?rest_route=\/wp\/v2\/pages"}],"about":[{"href":"https:\/\/khg-theater.de\/index.php?rest_route=\/wp\/v2\/types\/page"}],"author":[{"embeddable":true,"href":"https:\/\/khg-theater.de\/index.php?rest_route=\/wp\/v2\/users\/1"}],"replies":[{"embeddable":true,"href":"https:\/\/khg-theater.de\/index.php?rest_route=%2Fwp%2Fv2%2Fcomments&post=1789"}],"version-history":[{"count":1,"href":"https:\/\/khg-theater.de\/index.php?rest_route=\/wp\/v2\/pages\/1789\/revisions"}],"predecessor-version":[{"id":1790,"href":"https:\/\/khg-theater.de\/index.php?rest_route=\/wp\/v2\/pages\/1789\/revisions\/1790"}],"wp:attachment":[{"href":"https:\/\/khg-theater.de\/index.php?rest_route=%2Fwp%2Fv2%2Fmedia&parent=1789"}],"curies":[{"name":"wp","href":"https:\/\/api.w.org\/{rel}","templated":true}]}}