{"id":1374,"date":"2024-01-22T15:58:04","date_gmt":"2024-01-22T13:58:04","guid":{"rendered":"https:\/\/khg-theater.de\/?page_id=1374"},"modified":"2024-01-22T15:58:04","modified_gmt":"2024-01-22T13:58:04","slug":"2024-rauhe-naechte","status":"publish","type":"page","link":"https:\/\/khg-theater.de\/?page_id=1374","title":{"rendered":"2024 | Rauhe N\u00e4chte"},"content":{"rendered":"\n<figure class=\"wp-block-image\" id=\"block-e63a1c6f-681f-4946-b882-87df7bbf19dd\"><img decoding=\"async\" src=\"https:\/\/khg-theater.de\/wp-content\/uploads\/2023\/12\/Slider-Webseite-1-1024x440.jpg\" alt=\"Dieses Bild hat ein leeres Alt-Attribut. Der Dateiname ist Slider-Webseite-1-1024x440.jpg\"\/><\/figure>\n\n\n\n<hr class=\"wp-block-separator\" id=\"block-4b2034c6-f668-437d-9ca5-8339c2865c58\"\/>\n\n\n\n<p class=\"has-text-align-center\" id=\"block-b843e73d-ae85-4986-a79f-9da8b45c77fb\">Wenn zwischen den Jahren die eiskalten Winterwinde den Frost durch die Stra\u00dfen und Gassen tragen, ist es Zeit f\u00fcr Geschichten. Wer war die Percht? Womit jagt der Krampus den Kindern Schrecken ein? Warum sollte eine Rauhnachtsgruppe nicht zu f\u00fcnft das Haus verlassen? Und was bl\u00fcht einem, wenn man das Pech hat, der Wilden Jagd zu begegnen? Diesen und anderen Fragen gehen wir auf einem gem\u00fctlichen Spaziergang durch W\u00fcrzburg nach, wobei sich Anekdoten und \u00fcberliefertes Halbwissen mit herzerw\u00e4rmenden oder auch blutgefrierenden Geschichten an verschiedenen Erz\u00e4hlstationen abwechseln. Um dabei nicht am Pflaster festzufrieren, gibt es an verschiedenen Erz\u00e4hlstationen die Gelegenheit, sich in urigen W\u00fcrzburger Etablissements mit warmen oder auch geistigen Getr\u00e4nken zu st\u00e4rken.<\/p>\n\n\n\n<p class=\"has-text-align-center\" id=\"block-fa78b831-b24a-49b2-bfd9-2b61ff283492\">Bitte denkt an einen To-Go-Becher f\u00fcr hei\u00dfe Getr\u00e4nke!<\/p>\n\n\n\n<p class=\"has-text-align-center\" id=\"block-f28b2bf6-56ff-4f90-b5c6-fbc2933e003d\">Die Storytelling-Tour ist kostenlos. Wir freuen uns aber \u00fcber Spenden am Abend!<\/p>\n\n\n\n<hr class=\"wp-block-separator\" id=\"block-b848df5e-351a-4003-9081-b05bcc8fc258\"\/>\n\n\n\n<p class=\"has-text-align-center\" id=\"block-971d413d-bdef-4e78-9f4d-7f5eddb9cf14\"><strong>12.\/13.\/14.\/19.\/20.01.2024<\/strong><\/p>\n\n\n\n<p class=\"has-text-align-center\" id=\"block-aa6cdc11-9a72-437a-8e5d-b97b37c565ad\">Treffpunkt: Weinstuben Juliusspital um <strong>17:45 Uhr<\/strong><br>Beginn:<strong> 18 Uhr<\/strong><br>Dauer: ca. 2 Stunden<\/p>\n","protected":false},"excerpt":{"rendered":"<p>Wenn zwischen den Jahren die eiskalten Winterwinde den Frost durch die Stra\u00dfen und Gassen tragen, ist es Zeit f\u00fcr Geschichten. Wer war die Percht? Womit jagt der Krampus den Kindern Schrecken ein? Warum sollte eine Rauhnachtsgruppe nicht zu f\u00fcnft das&#8230;<\/p>\n","protected":false},"author":1,"featured_media":0,"parent":0,"menu_order":0,"comment_status":"closed","ping_status":"closed","template":"","meta":{"footnotes":""},"class_list":["post-1374","page","type-page","status-publish","hentry"],"_links":{"self":[{"href":"https:\/\/khg-theater.de\/index.php?rest_route=\/wp\/v2\/pages\/1374","targetHints":{"allow":["GET"]}}],"collection":[{"href":"https:\/\/khg-theater.de\/index.php?rest_route=\/wp\/v2\/pages"}],"about":[{"href":"https:\/\/khg-theater.de\/index.php?rest_route=\/wp\/v2\/types\/page"}],"author":[{"embeddable":true,"href":"https:\/\/khg-theater.de\/index.php?rest_route=\/wp\/v2\/users\/1"}],"replies":[{"embeddable":true,"href":"https:\/\/khg-theater.de\/index.php?rest_route=%2Fwp%2Fv2%2Fcomments&post=1374"}],"version-history":[{"count":1,"href":"https:\/\/khg-theater.de\/index.php?rest_route=\/wp\/v2\/pages\/1374\/revisions"}],"predecessor-version":[{"id":1375,"href":"https:\/\/khg-theater.de\/index.php?rest_route=\/wp\/v2\/pages\/1374\/revisions\/1375"}],"wp:attachment":[{"href":"https:\/\/khg-theater.de\/index.php?rest_route=%2Fwp%2Fv2%2Fmedia&parent=1374"}],"curies":[{"name":"wp","href":"https:\/\/api.w.org\/{rel}","templated":true}]}}