{"id":1357,"date":"2024-01-02T15:18:14","date_gmt":"2024-01-02T13:18:14","guid":{"rendered":"https:\/\/khg-theater.de\/?page_id=1357"},"modified":"2024-01-02T15:20:40","modified_gmt":"2024-01-02T13:20:40","slug":"2023equus","status":"publish","type":"page","link":"https:\/\/khg-theater.de\/?page_id=1357","title":{"rendered":"2023 | EQUUS"},"content":{"rendered":"\n<figure class=\"wp-block-image size-full\"><a href=\"https:\/\/khg-theater.de\/wp-content\/uploads\/2023\/11\/Equus_Slider.png\"><img loading=\"lazy\" decoding=\"async\" width=\"990\" height=\"425\" src=\"https:\/\/khg-theater.de\/wp-content\/uploads\/2023\/11\/Equus_Slider.png\" alt=\"\" class=\"wp-image-1296\" srcset=\"https:\/\/khg-theater.de\/wp-content\/uploads\/2023\/11\/Equus_Slider.png 990w, https:\/\/khg-theater.de\/wp-content\/uploads\/2023\/11\/Equus_Slider-300x129.png 300w, https:\/\/khg-theater.de\/wp-content\/uploads\/2023\/11\/Equus_Slider-768x330.png 768w\" sizes=\"auto, (max-width: 990px) 100vw, 990px\" \/><\/a><\/figure>\n\n\n\n<p class=\"has-text-align-center\">Der 17-j\u00e4hrige Alan Strang sticht in einer einzigen Nacht in einem Stall, in dem er arbeitet, drei Pferden die Augen aus. Betraut mit dem Fall wird der Psychiater Martin Dysart, der sich in einer existenziellen Krise befindet. In seinen Gespr\u00e4chen mit dem introvertierten Jungen st\u00f6\u00dft er auf eine kulthafte Obsession, Konflikte im Elternhaus und Spannungen zwischen Atheismus und Religiosit\u00e4t. Allm\u00e4hlich deckt er so die Hintergr\u00fcnde dieser grausamen, ekelerregenden Tat auf.<\/p>\n\n\n\n<p class=\"has-text-align-center\">Autor Peter Shaffer beantwortet in seinem St\u00fcck, das 1975 den Tony Award f\u00fcr das beste Theaterst\u00fcck erhielt und 1977 verfilmt und f\u00fcr den Oscar nominiert wurde, nicht nur eine kriminalistische Frage, sondern setzt das Leben eines 17-J\u00e4hrigen in Relation zu einer in sich krankenden Gesellschaft.<\/p>\n\n\n\n<p><\/p>\n\n\n\n<p class=\"has-text-align-center\">Auff\u00fchrungen: 16.\/17.\/23.\/24. und 25.11.2023 in der KHG (Hofstallstra\u00dfe 4, 97070 W\u00fcrzburg)<\/p>\n\n\n\n<p class=\"has-text-align-center\">Beginn: 20 Uhr (Einlass ab 19.30 Uhr)<\/p>\n\n\n\n<p class=\"has-text-align-center\">Eintritt frei<\/p>\n\n\n\n<figure class=\"wp-block-gallery columns-3 is-cropped wp-block-gallery-1 is-layout-flex wp-block-gallery-is-layout-flex\"><ul class=\"blocks-gallery-grid\"><li class=\"blocks-gallery-item\"><figure><a href=\"https:\/\/khg-theater.de\/wp-content\/uploads\/2023\/11\/Equus_01.jpg\"><img loading=\"lazy\" decoding=\"async\" width=\"1024\" height=\"683\" src=\"https:\/\/khg-theater.de\/wp-content\/uploads\/2023\/11\/Equus_01-1024x683.jpg\" alt=\"\" data-id=\"1328\" data-full-url=\"https:\/\/khg-theater.de\/wp-content\/uploads\/2023\/11\/Equus_01.jpg\" data-link=\"https:\/\/khg-theater.de\/?attachment_id=1328\" class=\"wp-image-1328\" srcset=\"https:\/\/khg-theater.de\/wp-content\/uploads\/2023\/11\/Equus_01-1024x683.jpg 1024w, https:\/\/khg-theater.de\/wp-content\/uploads\/2023\/11\/Equus_01-300x200.jpg 300w, https:\/\/khg-theater.de\/wp-content\/uploads\/2023\/11\/Equus_01-768x512.jpg 768w, https:\/\/khg-theater.de\/wp-content\/uploads\/2023\/11\/Equus_01-1536x1024.jpg 1536w, https:\/\/khg-theater.de\/wp-content\/uploads\/2023\/11\/Equus_01.jpg 1600w\" sizes=\"auto, (max-width: 1024px) 100vw, 1024px\" \/><\/a><\/figure><\/li><li class=\"blocks-gallery-item\"><figure><a href=\"https:\/\/khg-theater.de\/wp-content\/uploads\/2023\/11\/Equus_53-1.jpg\"><img loading=\"lazy\" decoding=\"async\" width=\"1024\" height=\"683\" src=\"https:\/\/khg-theater.de\/wp-content\/uploads\/2023\/11\/Equus_53-1-1024x683.jpg\" alt=\"\" data-id=\"1329\" data-full-url=\"https:\/\/khg-theater.de\/wp-content\/uploads\/2023\/11\/Equus_53-1.jpg\" data-link=\"https:\/\/khg-theater.de\/?attachment_id=1329\" class=\"wp-image-1329\" srcset=\"https:\/\/khg-theater.de\/wp-content\/uploads\/2023\/11\/Equus_53-1-1024x683.jpg 1024w, https:\/\/khg-theater.de\/wp-content\/uploads\/2023\/11\/Equus_53-1-300x200.jpg 300w, https:\/\/khg-theater.de\/wp-content\/uploads\/2023\/11\/Equus_53-1-768x512.jpg 768w, https:\/\/khg-theater.de\/wp-content\/uploads\/2023\/11\/Equus_53-1-1536x1024.jpg 1536w, https:\/\/khg-theater.de\/wp-content\/uploads\/2023\/11\/Equus_53-1.jpg 1600w\" sizes=\"auto, (max-width: 1024px) 100vw, 1024px\" \/><\/a><\/figure><\/li><li class=\"blocks-gallery-item\"><figure><a href=\"https:\/\/khg-theater.de\/wp-content\/uploads\/2023\/11\/Equus_02.jpg\"><img loading=\"lazy\" decoding=\"async\" width=\"1024\" height=\"683\" src=\"https:\/\/khg-theater.de\/wp-content\/uploads\/2023\/11\/Equus_02-1024x683.jpg\" alt=\"\" data-id=\"1327\" data-full-url=\"https:\/\/khg-theater.de\/wp-content\/uploads\/2023\/11\/Equus_02.jpg\" data-link=\"https:\/\/khg-theater.de\/?attachment_id=1327\" class=\"wp-image-1327\" srcset=\"https:\/\/khg-theater.de\/wp-content\/uploads\/2023\/11\/Equus_02-1024x683.jpg 1024w, https:\/\/khg-theater.de\/wp-content\/uploads\/2023\/11\/Equus_02-300x200.jpg 300w, https:\/\/khg-theater.de\/wp-content\/uploads\/2023\/11\/Equus_02-768x512.jpg 768w, https:\/\/khg-theater.de\/wp-content\/uploads\/2023\/11\/Equus_02-1536x1024.jpg 1536w, https:\/\/khg-theater.de\/wp-content\/uploads\/2023\/11\/Equus_02.jpg 1600w\" sizes=\"auto, (max-width: 1024px) 100vw, 1024px\" \/><\/a><\/figure><\/li><li class=\"blocks-gallery-item\"><figure><a href=\"https:\/\/khg-theater.de\/wp-content\/uploads\/2023\/11\/Equus_03.jpg\"><img loading=\"lazy\" decoding=\"async\" width=\"1024\" height=\"683\" src=\"https:\/\/khg-theater.de\/wp-content\/uploads\/2023\/11\/Equus_03-1024x683.jpg\" alt=\"\" data-id=\"1326\" data-full-url=\"https:\/\/khg-theater.de\/wp-content\/uploads\/2023\/11\/Equus_03.jpg\" data-link=\"https:\/\/khg-theater.de\/?attachment_id=1326\" class=\"wp-image-1326\" srcset=\"https:\/\/khg-theater.de\/wp-content\/uploads\/2023\/11\/Equus_03-1024x683.jpg 1024w, https:\/\/khg-theater.de\/wp-content\/uploads\/2023\/11\/Equus_03-300x200.jpg 300w, https:\/\/khg-theater.de\/wp-content\/uploads\/2023\/11\/Equus_03-768x512.jpg 768w, https:\/\/khg-theater.de\/wp-content\/uploads\/2023\/11\/Equus_03-1536x1024.jpg 1536w, https:\/\/khg-theater.de\/wp-content\/uploads\/2023\/11\/Equus_03.jpg 1600w\" sizes=\"auto, (max-width: 1024px) 100vw, 1024px\" \/><\/a><\/figure><\/li><li class=\"blocks-gallery-item\"><figure><a href=\"https:\/\/khg-theater.de\/wp-content\/uploads\/2023\/11\/Equus_05.jpg\"><img loading=\"lazy\" decoding=\"async\" width=\"1024\" height=\"683\" src=\"https:\/\/khg-theater.de\/wp-content\/uploads\/2023\/11\/Equus_05-1024x683.jpg\" alt=\"\" data-id=\"1325\" data-full-url=\"https:\/\/khg-theater.de\/wp-content\/uploads\/2023\/11\/Equus_05.jpg\" data-link=\"https:\/\/khg-theater.de\/?attachment_id=1325\" class=\"wp-image-1325\" srcset=\"https:\/\/khg-theater.de\/wp-content\/uploads\/2023\/11\/Equus_05-1024x683.jpg 1024w, https:\/\/khg-theater.de\/wp-content\/uploads\/2023\/11\/Equus_05-300x200.jpg 300w, https:\/\/khg-theater.de\/wp-content\/uploads\/2023\/11\/Equus_05-768x512.jpg 768w, https:\/\/khg-theater.de\/wp-content\/uploads\/2023\/11\/Equus_05-1536x1024.jpg 1536w, https:\/\/khg-theater.de\/wp-content\/uploads\/2023\/11\/Equus_05.jpg 1600w\" sizes=\"auto, (max-width: 1024px) 100vw, 1024px\" \/><\/a><\/figure><\/li><li class=\"blocks-gallery-item\"><figure><a href=\"https:\/\/khg-theater.de\/wp-content\/uploads\/2023\/11\/Equus_11-1.jpg\"><img loading=\"lazy\" decoding=\"async\" width=\"1024\" height=\"683\" src=\"https:\/\/khg-theater.de\/wp-content\/uploads\/2023\/11\/Equus_11-1-1024x683.jpg\" alt=\"\" data-id=\"1324\" data-full-url=\"https:\/\/khg-theater.de\/wp-content\/uploads\/2023\/11\/Equus_11-1.jpg\" data-link=\"https:\/\/khg-theater.de\/?attachment_id=1324\" class=\"wp-image-1324\" srcset=\"https:\/\/khg-theater.de\/wp-content\/uploads\/2023\/11\/Equus_11-1-1024x683.jpg 1024w, https:\/\/khg-theater.de\/wp-content\/uploads\/2023\/11\/Equus_11-1-300x200.jpg 300w, https:\/\/khg-theater.de\/wp-content\/uploads\/2023\/11\/Equus_11-1-768x512.jpg 768w, https:\/\/khg-theater.de\/wp-content\/uploads\/2023\/11\/Equus_11-1-1536x1024.jpg 1536w, https:\/\/khg-theater.de\/wp-content\/uploads\/2023\/11\/Equus_11-1.jpg 1600w\" sizes=\"auto, (max-width: 1024px) 100vw, 1024px\" \/><\/a><\/figure><\/li><li class=\"blocks-gallery-item\"><figure><a href=\"https:\/\/khg-theater.de\/wp-content\/uploads\/2023\/11\/Equus_14.jpg\"><img loading=\"lazy\" decoding=\"async\" width=\"1024\" height=\"683\" src=\"https:\/\/khg-theater.de\/wp-content\/uploads\/2023\/11\/Equus_14-1024x683.jpg\" alt=\"\" data-id=\"1323\" data-full-url=\"https:\/\/khg-theater.de\/wp-content\/uploads\/2023\/11\/Equus_14.jpg\" data-link=\"https:\/\/khg-theater.de\/?attachment_id=1323\" class=\"wp-image-1323\" srcset=\"https:\/\/khg-theater.de\/wp-content\/uploads\/2023\/11\/Equus_14-1024x683.jpg 1024w, https:\/\/khg-theater.de\/wp-content\/uploads\/2023\/11\/Equus_14-300x200.jpg 300w, https:\/\/khg-theater.de\/wp-content\/uploads\/2023\/11\/Equus_14-768x512.jpg 768w, https:\/\/khg-theater.de\/wp-content\/uploads\/2023\/11\/Equus_14-1536x1024.jpg 1536w, https:\/\/khg-theater.de\/wp-content\/uploads\/2023\/11\/Equus_14.jpg 1600w\" sizes=\"auto, (max-width: 1024px) 100vw, 1024px\" \/><\/a><\/figure><\/li><li class=\"blocks-gallery-item\"><figure><a href=\"https:\/\/khg-theater.de\/wp-content\/uploads\/2023\/11\/Equus_16.jpg\"><img loading=\"lazy\" decoding=\"async\" width=\"1024\" height=\"683\" src=\"https:\/\/khg-theater.de\/wp-content\/uploads\/2023\/11\/Equus_16-1024x683.jpg\" alt=\"\" data-id=\"1322\" data-full-url=\"https:\/\/khg-theater.de\/wp-content\/uploads\/2023\/11\/Equus_16.jpg\" data-link=\"https:\/\/khg-theater.de\/?attachment_id=1322\" class=\"wp-image-1322\" srcset=\"https:\/\/khg-theater.de\/wp-content\/uploads\/2023\/11\/Equus_16-1024x683.jpg 1024w, https:\/\/khg-theater.de\/wp-content\/uploads\/2023\/11\/Equus_16-300x200.jpg 300w, https:\/\/khg-theater.de\/wp-content\/uploads\/2023\/11\/Equus_16-768x512.jpg 768w, https:\/\/khg-theater.de\/wp-content\/uploads\/2023\/11\/Equus_16-1536x1024.jpg 1536w, https:\/\/khg-theater.de\/wp-content\/uploads\/2023\/11\/Equus_16.jpg 1600w\" sizes=\"auto, (max-width: 1024px) 100vw, 1024px\" \/><\/a><\/figure><\/li><li class=\"blocks-gallery-item\"><figure><a href=\"https:\/\/khg-theater.de\/wp-content\/uploads\/2023\/11\/Equus_19.jpg\"><img loading=\"lazy\" decoding=\"async\" width=\"1024\" height=\"682\" src=\"https:\/\/khg-theater.de\/wp-content\/uploads\/2023\/11\/Equus_19-1024x682.jpg\" alt=\"\" data-id=\"1321\" data-full-url=\"https:\/\/khg-theater.de\/wp-content\/uploads\/2023\/11\/Equus_19.jpg\" data-link=\"https:\/\/khg-theater.de\/?attachment_id=1321\" class=\"wp-image-1321\" srcset=\"https:\/\/khg-theater.de\/wp-content\/uploads\/2023\/11\/Equus_19-1024x682.jpg 1024w, https:\/\/khg-theater.de\/wp-content\/uploads\/2023\/11\/Equus_19-300x200.jpg 300w, https:\/\/khg-theater.de\/wp-content\/uploads\/2023\/11\/Equus_19-768x512.jpg 768w, https:\/\/khg-theater.de\/wp-content\/uploads\/2023\/11\/Equus_19-1536x1023.jpg 1536w, https:\/\/khg-theater.de\/wp-content\/uploads\/2023\/11\/Equus_19.jpg 1600w\" sizes=\"auto, (max-width: 1024px) 100vw, 1024px\" \/><\/a><\/figure><\/li><li class=\"blocks-gallery-item\"><figure><a href=\"https:\/\/khg-theater.de\/wp-content\/uploads\/2023\/11\/Equus_24.jpg\"><img loading=\"lazy\" decoding=\"async\" width=\"1024\" height=\"682\" src=\"https:\/\/khg-theater.de\/wp-content\/uploads\/2023\/11\/Equus_24-1024x682.jpg\" alt=\"\" data-id=\"1320\" data-full-url=\"https:\/\/khg-theater.de\/wp-content\/uploads\/2023\/11\/Equus_24.jpg\" data-link=\"https:\/\/khg-theater.de\/?attachment_id=1320\" class=\"wp-image-1320\" srcset=\"https:\/\/khg-theater.de\/wp-content\/uploads\/2023\/11\/Equus_24-1024x682.jpg 1024w, https:\/\/khg-theater.de\/wp-content\/uploads\/2023\/11\/Equus_24-300x200.jpg 300w, https:\/\/khg-theater.de\/wp-content\/uploads\/2023\/11\/Equus_24-768x512.jpg 768w, https:\/\/khg-theater.de\/wp-content\/uploads\/2023\/11\/Equus_24-1536x1023.jpg 1536w, https:\/\/khg-theater.de\/wp-content\/uploads\/2023\/11\/Equus_24.jpg 1600w\" sizes=\"auto, (max-width: 1024px) 100vw, 1024px\" \/><\/a><\/figure><\/li><li class=\"blocks-gallery-item\"><figure><a href=\"https:\/\/khg-theater.de\/wp-content\/uploads\/2023\/11\/Equus_25.jpg\"><img loading=\"lazy\" decoding=\"async\" width=\"1024\" height=\"683\" src=\"https:\/\/khg-theater.de\/wp-content\/uploads\/2023\/11\/Equus_25-1024x683.jpg\" alt=\"\" data-id=\"1319\" data-full-url=\"https:\/\/khg-theater.de\/wp-content\/uploads\/2023\/11\/Equus_25.jpg\" data-link=\"https:\/\/khg-theater.de\/?attachment_id=1319\" class=\"wp-image-1319\" srcset=\"https:\/\/khg-theater.de\/wp-content\/uploads\/2023\/11\/Equus_25-1024x683.jpg 1024w, https:\/\/khg-theater.de\/wp-content\/uploads\/2023\/11\/Equus_25-300x200.jpg 300w, https:\/\/khg-theater.de\/wp-content\/uploads\/2023\/11\/Equus_25-768x512.jpg 768w, https:\/\/khg-theater.de\/wp-content\/uploads\/2023\/11\/Equus_25-1536x1024.jpg 1536w, https:\/\/khg-theater.de\/wp-content\/uploads\/2023\/11\/Equus_25.jpg 1600w\" sizes=\"auto, (max-width: 1024px) 100vw, 1024px\" \/><\/a><\/figure><\/li><li class=\"blocks-gallery-item\"><figure><a href=\"https:\/\/khg-theater.de\/wp-content\/uploads\/2023\/11\/Equus_28.jpg\"><img loading=\"lazy\" decoding=\"async\" width=\"1024\" height=\"683\" src=\"https:\/\/khg-theater.de\/wp-content\/uploads\/2023\/11\/Equus_28-1024x683.jpg\" alt=\"\" data-id=\"1318\" data-full-url=\"https:\/\/khg-theater.de\/wp-content\/uploads\/2023\/11\/Equus_28.jpg\" data-link=\"https:\/\/khg-theater.de\/?attachment_id=1318\" class=\"wp-image-1318\" srcset=\"https:\/\/khg-theater.de\/wp-content\/uploads\/2023\/11\/Equus_28-1024x683.jpg 1024w, https:\/\/khg-theater.de\/wp-content\/uploads\/2023\/11\/Equus_28-300x200.jpg 300w, https:\/\/khg-theater.de\/wp-content\/uploads\/2023\/11\/Equus_28-768x512.jpg 768w, https:\/\/khg-theater.de\/wp-content\/uploads\/2023\/11\/Equus_28-1536x1024.jpg 1536w, https:\/\/khg-theater.de\/wp-content\/uploads\/2023\/11\/Equus_28.jpg 1600w\" sizes=\"auto, (max-width: 1024px) 100vw, 1024px\" \/><\/a><\/figure><\/li><li class=\"blocks-gallery-item\"><figure><a href=\"https:\/\/khg-theater.de\/wp-content\/uploads\/2023\/11\/Equus_30.jpg\"><img loading=\"lazy\" decoding=\"async\" width=\"682\" height=\"1024\" src=\"https:\/\/khg-theater.de\/wp-content\/uploads\/2023\/11\/Equus_30-682x1024.jpg\" alt=\"\" data-id=\"1317\" data-full-url=\"https:\/\/khg-theater.de\/wp-content\/uploads\/2023\/11\/Equus_30.jpg\" data-link=\"https:\/\/khg-theater.de\/?attachment_id=1317\" class=\"wp-image-1317\" srcset=\"https:\/\/khg-theater.de\/wp-content\/uploads\/2023\/11\/Equus_30-682x1024.jpg 682w, https:\/\/khg-theater.de\/wp-content\/uploads\/2023\/11\/Equus_30-200x300.jpg 200w, https:\/\/khg-theater.de\/wp-content\/uploads\/2023\/11\/Equus_30.jpg 711w\" sizes=\"auto, (max-width: 682px) 100vw, 682px\" \/><\/a><\/figure><\/li><li class=\"blocks-gallery-item\"><figure><a href=\"https:\/\/khg-theater.de\/wp-content\/uploads\/2023\/11\/Equus_34.jpg\"><img loading=\"lazy\" decoding=\"async\" width=\"1024\" height=\"683\" src=\"https:\/\/khg-theater.de\/wp-content\/uploads\/2023\/11\/Equus_34-1024x683.jpg\" alt=\"\" data-id=\"1316\" data-full-url=\"https:\/\/khg-theater.de\/wp-content\/uploads\/2023\/11\/Equus_34.jpg\" data-link=\"https:\/\/khg-theater.de\/?attachment_id=1316\" class=\"wp-image-1316\" srcset=\"https:\/\/khg-theater.de\/wp-content\/uploads\/2023\/11\/Equus_34-1024x683.jpg 1024w, https:\/\/khg-theater.de\/wp-content\/uploads\/2023\/11\/Equus_34-300x200.jpg 300w, https:\/\/khg-theater.de\/wp-content\/uploads\/2023\/11\/Equus_34-768x512.jpg 768w, https:\/\/khg-theater.de\/wp-content\/uploads\/2023\/11\/Equus_34-1536x1024.jpg 1536w, https:\/\/khg-theater.de\/wp-content\/uploads\/2023\/11\/Equus_34.jpg 1600w\" sizes=\"auto, (max-width: 1024px) 100vw, 1024px\" \/><\/a><\/figure><\/li><li class=\"blocks-gallery-item\"><figure><a href=\"https:\/\/khg-theater.de\/wp-content\/uploads\/2023\/11\/Equus_39-1.jpg\"><img loading=\"lazy\" decoding=\"async\" width=\"1024\" height=\"683\" src=\"https:\/\/khg-theater.de\/wp-content\/uploads\/2023\/11\/Equus_39-1-1024x683.jpg\" alt=\"\" data-id=\"1315\" data-full-url=\"https:\/\/khg-theater.de\/wp-content\/uploads\/2023\/11\/Equus_39-1.jpg\" data-link=\"https:\/\/khg-theater.de\/?attachment_id=1315\" class=\"wp-image-1315\" srcset=\"https:\/\/khg-theater.de\/wp-content\/uploads\/2023\/11\/Equus_39-1-1024x683.jpg 1024w, https:\/\/khg-theater.de\/wp-content\/uploads\/2023\/11\/Equus_39-1-300x200.jpg 300w, https:\/\/khg-theater.de\/wp-content\/uploads\/2023\/11\/Equus_39-1-768x512.jpg 768w, https:\/\/khg-theater.de\/wp-content\/uploads\/2023\/11\/Equus_39-1-1536x1024.jpg 1536w, https:\/\/khg-theater.de\/wp-content\/uploads\/2023\/11\/Equus_39-1.jpg 1600w\" sizes=\"auto, (max-width: 1024px) 100vw, 1024px\" \/><\/a><\/figure><\/li><li class=\"blocks-gallery-item\"><figure><a href=\"https:\/\/khg-theater.de\/wp-content\/uploads\/2023\/11\/Equus_48.jpg\"><img loading=\"lazy\" decoding=\"async\" width=\"1024\" height=\"683\" src=\"https:\/\/khg-theater.de\/wp-content\/uploads\/2023\/11\/Equus_48-1024x683.jpg\" alt=\"\" data-id=\"1314\" data-full-url=\"https:\/\/khg-theater.de\/wp-content\/uploads\/2023\/11\/Equus_48.jpg\" data-link=\"https:\/\/khg-theater.de\/?attachment_id=1314\" class=\"wp-image-1314\" srcset=\"https:\/\/khg-theater.de\/wp-content\/uploads\/2023\/11\/Equus_48-1024x683.jpg 1024w, https:\/\/khg-theater.de\/wp-content\/uploads\/2023\/11\/Equus_48-300x200.jpg 300w, https:\/\/khg-theater.de\/wp-content\/uploads\/2023\/11\/Equus_48-768x512.jpg 768w, https:\/\/khg-theater.de\/wp-content\/uploads\/2023\/11\/Equus_48-1536x1024.jpg 1536w, https:\/\/khg-theater.de\/wp-content\/uploads\/2023\/11\/Equus_48.jpg 1600w\" sizes=\"auto, (max-width: 1024px) 100vw, 1024px\" \/><\/a><\/figure><\/li><li class=\"blocks-gallery-item\"><figure><a href=\"https:\/\/khg-theater.de\/wp-content\/uploads\/2023\/11\/Equus_53.jpg\"><img loading=\"lazy\" decoding=\"async\" width=\"1024\" height=\"683\" src=\"https:\/\/khg-theater.de\/wp-content\/uploads\/2023\/11\/Equus_53-1024x683.jpg\" alt=\"\" data-id=\"1313\" data-full-url=\"https:\/\/khg-theater.de\/wp-content\/uploads\/2023\/11\/Equus_53.jpg\" data-link=\"https:\/\/khg-theater.de\/?attachment_id=1313\" class=\"wp-image-1313\" srcset=\"https:\/\/khg-theater.de\/wp-content\/uploads\/2023\/11\/Equus_53-1024x683.jpg 1024w, https:\/\/khg-theater.de\/wp-content\/uploads\/2023\/11\/Equus_53-300x200.jpg 300w, https:\/\/khg-theater.de\/wp-content\/uploads\/2023\/11\/Equus_53-768x512.jpg 768w, https:\/\/khg-theater.de\/wp-content\/uploads\/2023\/11\/Equus_53-1536x1024.jpg 1536w, https:\/\/khg-theater.de\/wp-content\/uploads\/2023\/11\/Equus_53.jpg 1600w\" sizes=\"auto, (max-width: 1024px) 100vw, 1024px\" \/><\/a><\/figure><\/li><li class=\"blocks-gallery-item\"><figure><a href=\"https:\/\/khg-theater.de\/wp-content\/uploads\/2023\/11\/Equus_56.jpg\"><img loading=\"lazy\" decoding=\"async\" width=\"1024\" height=\"683\" src=\"https:\/\/khg-theater.de\/wp-content\/uploads\/2023\/11\/Equus_56-1024x683.jpg\" alt=\"\" data-id=\"1312\" data-full-url=\"https:\/\/khg-theater.de\/wp-content\/uploads\/2023\/11\/Equus_56.jpg\" data-link=\"https:\/\/khg-theater.de\/?attachment_id=1312\" class=\"wp-image-1312\" srcset=\"https:\/\/khg-theater.de\/wp-content\/uploads\/2023\/11\/Equus_56-1024x683.jpg 1024w, https:\/\/khg-theater.de\/wp-content\/uploads\/2023\/11\/Equus_56-300x200.jpg 300w, https:\/\/khg-theater.de\/wp-content\/uploads\/2023\/11\/Equus_56-768x512.jpg 768w, https:\/\/khg-theater.de\/wp-content\/uploads\/2023\/11\/Equus_56-1536x1024.jpg 1536w, https:\/\/khg-theater.de\/wp-content\/uploads\/2023\/11\/Equus_56.jpg 1600w\" sizes=\"auto, (max-width: 1024px) 100vw, 1024px\" \/><\/a><\/figure><\/li><\/ul><\/figure>\n","protected":false},"excerpt":{"rendered":"<p>Der 17-j\u00e4hrige Alan Strang sticht in einer einzigen Nacht in einem Stall, in dem er arbeitet, drei Pferden die Augen aus. Betraut mit dem Fall wird der Psychiater Martin Dysart, der sich in einer existenziellen Krise befindet. In seinen Gespr\u00e4chen&#8230;<\/p>\n","protected":false},"author":1,"featured_media":0,"parent":0,"menu_order":0,"comment_status":"closed","ping_status":"closed","template":"","meta":{"footnotes":""},"class_list":["post-1357","page","type-page","status-publish","hentry"],"_links":{"self":[{"href":"https:\/\/khg-theater.de\/index.php?rest_route=\/wp\/v2\/pages\/1357","targetHints":{"allow":["GET"]}}],"collection":[{"href":"https:\/\/khg-theater.de\/index.php?rest_route=\/wp\/v2\/pages"}],"about":[{"href":"https:\/\/khg-theater.de\/index.php?rest_route=\/wp\/v2\/types\/page"}],"author":[{"embeddable":true,"href":"https:\/\/khg-theater.de\/index.php?rest_route=\/wp\/v2\/users\/1"}],"replies":[{"embeddable":true,"href":"https:\/\/khg-theater.de\/index.php?rest_route=%2Fwp%2Fv2%2Fcomments&post=1357"}],"version-history":[{"count":3,"href":"https:\/\/khg-theater.de\/index.php?rest_route=\/wp\/v2\/pages\/1357\/revisions"}],"predecessor-version":[{"id":1361,"href":"https:\/\/khg-theater.de\/index.php?rest_route=\/wp\/v2\/pages\/1357\/revisions\/1361"}],"wp:attachment":[{"href":"https:\/\/khg-theater.de\/index.php?rest_route=%2Fwp%2Fv2%2Fmedia&parent=1357"}],"curies":[{"name":"wp","href":"https:\/\/api.w.org\/{rel}","templated":true}]}}